{"id":1975,"date":"2023-02-28T16:02:50","date_gmt":"2023-02-28T15:02:50","guid":{"rendered":"https:\/\/www.deyrolleterritoires.com\/deyrolle-territoires\/"},"modified":"2024-11-19T14:26:02","modified_gmt":"2024-11-19T13:26:02","slug":"deyrolle-territoires","status":"publish","type":"page","link":"https:\/\/www.deyrolleterritoires.com\/en\/deyrolle-territoires\/","title":{"rendered":"Deyrolle Territoires"},"content":{"rendered":"<div class=\"wpb-content-wrapper\"><p>[vc_row full_width=&#8221;stretch_row&#8221; content_placement=&#8221;middle&#8221; parallax=&#8221;content-moving&#8221; parallax_image=&#8221;563&#8243; css=&#8221;.vc_custom_1685548368218{padding-top: 30px !important;}&#8221;][vc_column width=&#8221;1\/2&#8243;][vc_column_text]<\/p>\n<h2 style=\"text-align: center;\">Deyrolle Territoires<\/h2>\n<p>&nbsp;<\/p>\n<p><span style=\"font-weight: 400;\">Fort de ses engagements en mati\u00e8re de pr\u00e9servation et de valorisation du Vivant, Deyrolle a d\u00e9velopp\u00e9 un p\u00f4le de conseil en biodiversit\u00e9 &amp; transition \u00e9cologique et soci\u00e9tale, portant une vision \u00e9cosyst\u00e9mique pour les projets accompagn\u00e9s : Deyrolle Territoires.\u00a0<\/span><\/p>\n<p><span style=\"font-weight: 400;\">A partir de sa vision Nature Art Education\u00ae, en lien avec les activit\u00e9s historiques de Deyrolle, Deyrolle Territoires s\u2019adresse aux acteurs publics et priv\u00e9s \u00e0 plusieurs \u00e9tapes d\u2019un projet, d\u00e8s la phase de candidature\/conception, \u00e0 l&#8217;ex\u00e9cution ou encore \u00e0 la diffusion des projets existants.\u00a0<\/span><\/p>\n<p><span style=\"font-weight: 400;\">Deyrolle Territoires s\u2019appuie sur la transversalit\u00e9 de ses m\u00e9tiers et son agilit\u00e9 structurelle pour proposer un accompagnement sur mesure et des solutions adapt\u00e9es \u00e0 chaque territoire et contexte de projet, prenant en compte sa complexit\u00e9 et en explorant ses \u00e9l\u00e9ments diff\u00e9renciants.<\/span><\/p>\n<p><span style=\"font-weight: 400;\">Croisant la valorisation du Vivant, p\u00e9dagogie et une approche culturelle, Deyrolle Territoires r\u00e9alise les missions suivantes :<\/span><\/p>\n<ul>\n<li style=\"font-weight: 400;\" aria-level=\"1\"><span style=\"font-weight: 400;\">Conseil et accompagnement\u00a0<\/span><\/li>\n<li style=\"font-weight: 400;\" aria-level=\"1\"><span style=\"font-weight: 400;\">Formations immersives aux enjeux de biodiversit\u00e9<\/span><\/li>\n<li style=\"font-weight: 400;\" aria-level=\"1\"><span style=\"font-weight: 400;\">Labellisation le label Nature Art Education \u00ae cr\u00e9\u00e9 par Deyrolle\u00a0<\/span><\/li>\n<li style=\"font-weight: 400;\" aria-level=\"1\"><span style=\"font-weight: 400;\">Design paysager\u00a0<\/span><\/li>\n<li style=\"font-weight: 400;\" aria-level=\"1\"><span style=\"font-weight: 400;\">Bureau de cr\u00e9ation (expertise mus\u00e9ographique, programmation culturelle, approche p\u00e9dagogique, cr\u00e9ation de contenus\u2026)<\/span><\/li>\n<\/ul>\n<p>Pour plus d\u2019informations, t\u00e9l\u00e9chargez notre <a href=\"https:\/\/www.deyrolleterritoires.com\/wp-content\/uploads\/2024\/10\/Plaquette-Deyrolle-Territoires_oct-24.pdf\">plaquette.<\/a>[\/vc_column_text][\/vc_column][vc_column width=&#8221;1\/2&#8243;][vc_single_image image=&#8221;1196&#8243; img_size=&#8221;full&#8221; alignment=&#8221;center&#8221; css=&#8221;.vc_custom_1685548356404{padding-right: 30px !important;padding-left: 30px !important;}&#8221;][\/vc_column][\/vc_row]<\/p>\n<\/div>","protected":false},"excerpt":{"rendered":"<p>[vc_row full_width=&#8221;stretch_row&#8221; content_placement=&#8221;middle&#8221; parallax=&#8221;content-moving&#8221; parallax_image=&#8221;563&#8243; css=&#8221;.vc_custom_1685548368218{padding-top: 30px !important;}&#8221;][vc_column width=&#8221;1\/2&#8243;][vc_column_text] Deyrolle Territoires &nbsp; Fort de ses engagements en mati\u00e8re de pr\u00e9servation et de valorisation du Vivant, Deyrolle a d\u00e9velopp\u00e9 un p\u00f4le de conseil en biodiversit\u00e9 &amp; transition \u00e9cologique et soci\u00e9tale, portant une vision \u00e9cosyst\u00e9mique pour les projets accompagn\u00e9s : Deyrolle Territoires.\u00a0 A partir de sa vision&hellip;<\/p>\n","protected":false},"author":1,"featured_media":0,"parent":0,"menu_order":0,"comment_status":"closed","ping_status":"closed","template":"","meta":{"_acf_changed":false,"footnotes":""},"class_list":["post-1975","page","type-page","status-publish","hentry"],"acf":[],"yoast_head":"<!-- This site is optimized with the Yoast SEO plugin v26.2 - https:\/\/yoast.com\/wordpress\/plugins\/seo\/ -->\n<title>Deyrolle Territoires<\/title>\n<meta name=\"description\" content=\"Fort de ses engagements en mati\u00e8re de pr\u00e9servation et de valorisation du Vivant, Deyrolle a d\u00e9velopp\u00e9 un p\u00f4le de conseil en biodiversit\u00e9 &amp; transition \u00e9cologique et soci\u00e9tale, portant une vision \u00e9cosyst\u00e9mique pour les projets accompagn\u00e9s : Deyrolle Territoires.\" \/>\n<meta name=\"robots\" content=\"index, follow, max-snippet:-1, max-image-preview:large, max-video-preview:-1\" \/>\n<link rel=\"canonical\" href=\"https:\/\/www.deyrolleterritoires.com\/deyrolle-territoires\/\" \/>\n<meta property=\"og:locale\" content=\"en_US\" \/>\n<meta property=\"og:type\" content=\"article\" \/>\n<meta property=\"og:title\" content=\"Deyrolle Territoires\" \/>\n<meta property=\"og:description\" content=\"Fort de ses engagements en mati\u00e8re de pr\u00e9servation et de valorisation du Vivant, Deyrolle a d\u00e9velopp\u00e9 un p\u00f4le de conseil en biodiversit\u00e9 &amp; transition \u00e9cologique et soci\u00e9tale, portant une vision \u00e9cosyst\u00e9mique pour les projets accompagn\u00e9s : Deyrolle Territoires.\" \/>\n<meta property=\"og:url\" content=\"https:\/\/www.deyrolleterritoires.com\/deyrolle-territoires\/\" \/>\n<meta property=\"og:site_name\" content=\"Deyrolle Territoires\" \/>\n<meta property=\"article:modified_time\" content=\"2024-11-19T13:26:02+00:00\" \/>\n<meta name=\"twitter:card\" content=\"summary_large_image\" \/>\n<meta name=\"twitter:label1\" content=\"Est. reading time\" \/>\n\t<meta name=\"twitter:data1\" content=\"2 minutes\" \/>\n<script type=\"application\/ld+json\" class=\"yoast-schema-graph\">{\"@context\":\"https:\/\/schema.org\",\"@graph\":[{\"@type\":\"WebPage\",\"@id\":\"https:\/\/www.deyrolleterritoires.com\/deyrolle-territoires\/\",\"url\":\"https:\/\/www.deyrolleterritoires.com\/deyrolle-territoires\/\",\"name\":\"Deyrolle Territoires\",\"isPartOf\":{\"@id\":\"https:\/\/www.deyrolleterritoires.com\/#website\"},\"datePublished\":\"2023-02-28T15:02:50+00:00\",\"dateModified\":\"2024-11-19T13:26:02+00:00\",\"description\":\"Fort de ses engagements en mati\u00e8re de pr\u00e9servation et de valorisation du Vivant, Deyrolle a d\u00e9velopp\u00e9 un p\u00f4le de conseil en biodiversit\u00e9 & transition \u00e9cologique et soci\u00e9tale, portant une vision \u00e9cosyst\u00e9mique pour les projets accompagn\u00e9s : Deyrolle Territoires.\",\"breadcrumb\":{\"@id\":\"https:\/\/www.deyrolleterritoires.com\/deyrolle-territoires\/#breadcrumb\"},\"inLanguage\":\"en-US\",\"potentialAction\":[{\"@type\":\"ReadAction\",\"target\":[\"https:\/\/www.deyrolleterritoires.com\/deyrolle-territoires\/\"]}]},{\"@type\":\"BreadcrumbList\",\"@id\":\"https:\/\/www.deyrolleterritoires.com\/deyrolle-territoires\/#breadcrumb\",\"itemListElement\":[{\"@type\":\"ListItem\",\"position\":1,\"name\":\"Accueil\",\"item\":\"https:\/\/www.deyrolleterritoires.com\/en\/\"},{\"@type\":\"ListItem\",\"position\":2,\"name\":\"Deyrolle Territoires\"}]},{\"@type\":\"WebSite\",\"@id\":\"https:\/\/www.deyrolleterritoires.com\/#website\",\"url\":\"https:\/\/www.deyrolleterritoires.com\/\",\"name\":\"Deyrolle Territoires\",\"description\":\"\",\"potentialAction\":[{\"@type\":\"SearchAction\",\"target\":{\"@type\":\"EntryPoint\",\"urlTemplate\":\"https:\/\/www.deyrolleterritoires.com\/?s={search_term_string}\"},\"query-input\":{\"@type\":\"PropertyValueSpecification\",\"valueRequired\":true,\"valueName\":\"search_term_string\"}}],\"inLanguage\":\"en-US\"}]}<\/script>\n<!-- \/ Yoast SEO plugin. -->","yoast_head_json":{"title":"Deyrolle Territoires","description":"Fort de ses engagements en mati\u00e8re de pr\u00e9servation et de valorisation du Vivant, Deyrolle a d\u00e9velopp\u00e9 un p\u00f4le de conseil en biodiversit\u00e9 & transition \u00e9cologique et soci\u00e9tale, portant une vision \u00e9cosyst\u00e9mique pour les projets accompagn\u00e9s : Deyrolle Territoires.","robots":{"index":"index","follow":"follow","max-snippet":"max-snippet:-1","max-image-preview":"max-image-preview:large","max-video-preview":"max-video-preview:-1"},"canonical":"https:\/\/www.deyrolleterritoires.com\/deyrolle-territoires\/","og_locale":"en_US","og_type":"article","og_title":"Deyrolle Territoires","og_description":"Fort de ses engagements en mati\u00e8re de pr\u00e9servation et de valorisation du Vivant, Deyrolle a d\u00e9velopp\u00e9 un p\u00f4le de conseil en biodiversit\u00e9 & transition \u00e9cologique et soci\u00e9tale, portant une vision \u00e9cosyst\u00e9mique pour les projets accompagn\u00e9s : Deyrolle Territoires.","og_url":"https:\/\/www.deyrolleterritoires.com\/deyrolle-territoires\/","og_site_name":"Deyrolle Territoires","article_modified_time":"2024-11-19T13:26:02+00:00","twitter_card":"summary_large_image","twitter_misc":{"Est. reading time":"2 minutes"},"schema":{"@context":"https:\/\/schema.org","@graph":[{"@type":"WebPage","@id":"https:\/\/www.deyrolleterritoires.com\/deyrolle-territoires\/","url":"https:\/\/www.deyrolleterritoires.com\/deyrolle-territoires\/","name":"Deyrolle Territoires","isPartOf":{"@id":"https:\/\/www.deyrolleterritoires.com\/#website"},"datePublished":"2023-02-28T15:02:50+00:00","dateModified":"2024-11-19T13:26:02+00:00","description":"Fort de ses engagements en mati\u00e8re de pr\u00e9servation et de valorisation du Vivant, Deyrolle a d\u00e9velopp\u00e9 un p\u00f4le de conseil en biodiversit\u00e9 & transition \u00e9cologique et soci\u00e9tale, portant une vision \u00e9cosyst\u00e9mique pour les projets accompagn\u00e9s : Deyrolle Territoires.","breadcrumb":{"@id":"https:\/\/www.deyrolleterritoires.com\/deyrolle-territoires\/#breadcrumb"},"inLanguage":"en-US","potentialAction":[{"@type":"ReadAction","target":["https:\/\/www.deyrolleterritoires.com\/deyrolle-territoires\/"]}]},{"@type":"BreadcrumbList","@id":"https:\/\/www.deyrolleterritoires.com\/deyrolle-territoires\/#breadcrumb","itemListElement":[{"@type":"ListItem","position":1,"name":"Accueil","item":"https:\/\/www.deyrolleterritoires.com\/en\/"},{"@type":"ListItem","position":2,"name":"Deyrolle Territoires"}]},{"@type":"WebSite","@id":"https:\/\/www.deyrolleterritoires.com\/#website","url":"https:\/\/www.deyrolleterritoires.com\/","name":"Deyrolle Territoires","description":"","potentialAction":[{"@type":"SearchAction","target":{"@type":"EntryPoint","urlTemplate":"https:\/\/www.deyrolleterritoires.com\/?s={search_term_string}"},"query-input":{"@type":"PropertyValueSpecification","valueRequired":true,"valueName":"search_term_string"}}],"inLanguage":"en-US"}]}},"_links":{"self":[{"href":"https:\/\/www.deyrolleterritoires.com\/en\/wp-json\/wp\/v2\/pages\/1975","targetHints":{"allow":["GET"]}}],"collection":[{"href":"https:\/\/www.deyrolleterritoires.com\/en\/wp-json\/wp\/v2\/pages"}],"about":[{"href":"https:\/\/www.deyrolleterritoires.com\/en\/wp-json\/wp\/v2\/types\/page"}],"author":[{"embeddable":true,"href":"https:\/\/www.deyrolleterritoires.com\/en\/wp-json\/wp\/v2\/users\/1"}],"replies":[{"embeddable":true,"href":"https:\/\/www.deyrolleterritoires.com\/en\/wp-json\/wp\/v2\/comments?post=1975"}],"version-history":[{"count":1,"href":"https:\/\/www.deyrolleterritoires.com\/en\/wp-json\/wp\/v2\/pages\/1975\/revisions"}],"predecessor-version":[{"id":1976,"href":"https:\/\/www.deyrolleterritoires.com\/en\/wp-json\/wp\/v2\/pages\/1975\/revisions\/1976"}],"wp:attachment":[{"href":"https:\/\/www.deyrolleterritoires.com\/en\/wp-json\/wp\/v2\/media?parent=1975"}],"curies":[{"name":"wp","href":"https:\/\/api.w.org\/{rel}","templated":true}]}}